{"id":1688,"date":"2023-02-16T14:05:14","date_gmt":"2023-02-16T19:05:14","guid":{"rendered":"https:\/\/testing.sqalogic.com\/?page_id=1688"},"modified":"2023-05-16T05:47:35","modified_gmt":"2023-05-16T10:47:35","slug":"nos-projets","status":"publish","type":"page","link":"https:\/\/sqalogic.com\/en\/nos-projets\/","title":{"rendered":"Projects"},"content":{"rendered":"<div data-elementor-type=\"wp-page\" data-elementor-id=\"1688\" class=\"elementor elementor-1688\" data-elementor-post-type=\"page\">\n\t\t\t\t\t\t<section class=\"has_eae_slider elementor-section elementor-top-section elementor-element elementor-element-0a57aad elementor-section-height-min-height elementor-section-stretched elementor-section-boxed elementor-section-height-default elementor-section-items-middle\" data-eae-slider=\"64161\" data-id=\"0a57aad\" data-element_type=\"section\" data-e-type=\"section\" data-settings=\"{&quot;background_background&quot;:&quot;classic&quot;,&quot;stretch_section&quot;:&quot;section-stretched&quot;,&quot;mdp_selection_sticky_effect_enable&quot;:false}\">\n\t\t\t\t\t\t\t<div class=\"elementor-background-overlay\"><\/div>\n\t\t\t\t\t\t\t<div class=\"elementor-container elementor-column-gap-default\">\n\t\t\t\t\t<div class=\"has_eae_slider elementor-column elementor-col-100 elementor-top-column elementor-element elementor-element-a8ea35f\" data-eae-slider=\"41928\" data-id=\"a8ea35f\" data-element_type=\"column\" data-e-type=\"column\" data-settings=\"{&quot;mdp_selection_sticky_column_effect_enable&quot;:false}\">\n\t\t\t<div class=\"elementor-widget-wrap elementor-element-populated\">\n\t\t\t\t\t\t<section class=\"has_eae_slider elementor-section elementor-inner-section elementor-element elementor-element-c6136ec elementor-section-boxed elementor-section-height-default elementor-section-height-default\" data-eae-slider=\"961\" data-id=\"c6136ec\" data-element_type=\"section\" data-e-type=\"section\" data-settings=\"{&quot;mdp_selection_sticky_effect_enable&quot;:false}\">\n\t\t\t\t\t\t<div class=\"elementor-container elementor-column-gap-default\">\n\t\t\t\t\t<div class=\"has_eae_slider elementor-column elementor-col-100 elementor-inner-column elementor-element elementor-element-da5dbd6 elementor-invisible\" data-eae-slider=\"12242\" data-id=\"da5dbd6\" data-element_type=\"column\" data-e-type=\"column\" data-settings=\"{&quot;animation&quot;:&quot;fadeInLeft&quot;,&quot;mdp_selection_sticky_column_effect_enable&quot;:false}\">\n\t\t\t<div class=\"elementor-widget-wrap elementor-element-populated\">\n\t\t\t\t\t\t<div class=\"elementor-element elementor-element-bed6431 elementor-widget elementor-widget-text-editor\" data-id=\"bed6431\" data-element_type=\"widget\" data-e-type=\"widget\" data-widget_type=\"text-editor.default\">\n\t\t\t\t<div class=\"elementor-widget-container\">\n\t\t\t\t\t\t\t\t\t<p>We offer you the case studies carried out by SQALogic. They present the various projects on which we have worked with our clients. Thanks to the multiple mandates carried out in the field of software quality assurance, SQALogic has established its position as experts in the industry. Our case studies are a guarantee of our desire to guide our customers towards their success. Through the paths of our mandates, you will be able to discover the effectiveness of the SQALogic methodology. This is why it seemed relevant to us to share with you the successes of our clients, whom we have had the chance to support in many projects.<\/p><p><br \/>You can read our case studies directly on our dedicated pages or simply download our documents for a reading.<\/p>\t\t\t\t\t\t\t\t<\/div>\n\t\t\t\t<\/div>\n\t\t\t\t\t<\/div>\n\t\t<\/div>\n\t\t\t\t\t<\/div>\n\t\t<\/section>\n\t\t\t\t\t<\/div>\n\t\t<\/div>\n\t\t\t\t\t<\/div>\n\t\t<\/section>\n\t\t\t\t<section class=\"has_eae_slider elementor-section elementor-top-section elementor-element elementor-element-21b1bd8 elementor-section-stretched elementor-section-height-min-height elementor-section-boxed elementor-section-height-default elementor-section-items-middle\" data-eae-slider=\"93940\" data-id=\"21b1bd8\" data-element_type=\"section\" data-e-type=\"section\" data-settings=\"{&quot;stretch_section&quot;:&quot;section-stretched&quot;,&quot;background_background&quot;:&quot;classic&quot;,&quot;shape_divider_bottom&quot;:&quot;curve&quot;,&quot;shape_divider_bottom_negative&quot;:&quot;yes&quot;,&quot;mdp_selection_sticky_effect_enable&quot;:false}\">\n\t\t\t\t\t\t\t<div class=\"elementor-background-overlay\"><\/div>\n\t\t\t\t\t\t<div class=\"elementor-shape elementor-shape-bottom\" aria-hidden=\"true\" data-negative=\"true\">\n\t\t\t<svg xmlns=\"http:\/\/www.w3.org\/2000\/svg\" viewbox=\"0 0 1000 100\" preserveaspectratio=\"none\">\n\t<path class=\"elementor-shape-fill\" d=\"M500,97C126.7,96.3,0.8,19.8,0,0v100l1000,0V1C1000,19.4,873.3,97.8,500,97z\"\/>\n<\/svg>\t\t<\/div>\n\t\t\t\t\t<div class=\"elementor-container elementor-column-gap-default\">\n\t\t\t\t\t<div class=\"has_eae_slider elementor-column elementor-col-100 elementor-top-column elementor-element elementor-element-a6972a5\" data-eae-slider=\"68187\" data-id=\"a6972a5\" data-element_type=\"column\" data-e-type=\"column\" data-settings=\"{&quot;mdp_selection_sticky_column_effect_enable&quot;:false}\">\n\t\t\t<div class=\"elementor-widget-wrap elementor-element-populated\">\n\t\t\t\t\t\t<div class=\"elementor-element elementor-element-71c788d elementor-grid-3 elementor-grid-tablet-2 elementor-grid-mobile-1 elementor-posts--thumbnail-top elementor-card-shadow-yes elementor-posts__hover-gradient elementor-widget elementor-widget-posts\" data-id=\"71c788d\" data-element_type=\"widget\" data-e-type=\"widget\" data-settings=\"{&quot;cards_masonry&quot;:&quot;yes&quot;,&quot;cards_columns&quot;:&quot;3&quot;,&quot;cards_columns_tablet&quot;:&quot;2&quot;,&quot;cards_columns_mobile&quot;:&quot;1&quot;,&quot;cards_row_gap&quot;:{&quot;unit&quot;:&quot;px&quot;,&quot;size&quot;:35,&quot;sizes&quot;:[]},&quot;cards_row_gap_laptop&quot;:{&quot;unit&quot;:&quot;px&quot;,&quot;size&quot;:&quot;&quot;,&quot;sizes&quot;:[]},&quot;cards_row_gap_tablet&quot;:{&quot;unit&quot;:&quot;px&quot;,&quot;size&quot;:&quot;&quot;,&quot;sizes&quot;:[]},&quot;cards_row_gap_mobile&quot;:{&quot;unit&quot;:&quot;px&quot;,&quot;size&quot;:&quot;&quot;,&quot;sizes&quot;:[]}}\" data-widget_type=\"posts.cards\">\n\t\t\t\t<div class=\"elementor-widget-container\">\n\t\t\t\t\t\t\t<div class=\"elementor-posts-container elementor-posts elementor-posts--skin-cards elementor-grid\" role=\"list\">\n\t\t\t\t<article class=\"elementor-post elementor-grid-item post-1723 projets type-projets status-publish has-post-thumbnail hentry tag-environnements-cloud tag-implementation tag-loadrunner tag-partenaire\" role=\"listitem\">\n\t\t\t<div class=\"elementor-post__card\">\n\t\t\t\t<a class=\"elementor-post__thumbnail__link\" href=\"https:\/\/sqalogic.com\/en\/projets\/enbridge\/\" tabindex=\"-1\" ><div class=\"elementor-post__thumbnail\"><img fetchpriority=\"high\" decoding=\"async\" width=\"300\" height=\"200\" src=\"https:\/\/sqalogic.com\/wp-content\/uploads\/2023\/01\/Sans-titre-20-300x200.png\" class=\"attachment-medium size-medium wp-image-1405\" alt=\"\" srcset=\"https:\/\/sqalogic.com\/wp-content\/uploads\/2023\/01\/Sans-titre-20-300x200.png 300w, https:\/\/sqalogic.com\/wp-content\/uploads\/2023\/01\/Sans-titre-20-1024x683.png 1024w, https:\/\/sqalogic.com\/wp-content\/uploads\/2023\/01\/Sans-titre-20-768x512.png 768w, https:\/\/sqalogic.com\/wp-content\/uploads\/2023\/01\/Sans-titre-20-1536x1024.png 1536w, https:\/\/sqalogic.com\/wp-content\/uploads\/2023\/01\/Sans-titre-20-18x12.png 18w, https:\/\/sqalogic.com\/wp-content\/uploads\/2023\/01\/Sans-titre-20.png 1710w\" sizes=\"(max-width: 300px) 100vw, 300px\" \/><\/div><\/a>\n\t\t\t\t<div class=\"elementor-post__text\">\n\t\t\t\t<h3 class=\"elementor-post__title\">\n\t\t\t<a href=\"https:\/\/sqalogic.com\/en\/projets\/enbridge\/\" >\n\t\t\t\tEnbridge\t\t\t<\/a>\n\t\t<\/h3>\n\t\t\t\t<div class=\"elementor-post__excerpt\">\n\t\t\t<p>Comment l&rsquo;expertise et l&rsquo;exp\u00e9rience m\u00e8nent \u00e0 une impl\u00e9mentation r\u00e9ussie ? Mise \u00e0 niveau de LoadRunner Enbridge exerce ses activit\u00e9s dans toute<\/p>\n\t\t<\/div>\n\t\t\n\t\t<a class=\"elementor-post__read-more\" href=\"https:\/\/sqalogic.com\/en\/projets\/enbridge\/\" aria-label=\"Read more about Enbridge\" tabindex=\"-1\" >\n\t\t\tSEE THE PROJECT\t\t<\/a>\n\n\t\t\t\t<\/div>\n\t\t\t\t\t<\/div>\n\t\t<\/article>\n\t\t\t\t<\/div>\n\t\t\n\t\t\t\t\t\t<\/div>\n\t\t\t\t<\/div>\n\t\t\t\t<div class=\"elementor-element elementor-element-3e3839d elementor-widget elementor-widget-spacer\" data-id=\"3e3839d\" data-element_type=\"widget\" data-e-type=\"widget\" data-widget_type=\"spacer.default\">\n\t\t\t\t<div class=\"elementor-widget-container\">\n\t\t\t\t\t\t\t<div class=\"elementor-spacer\">\n\t\t\t<div class=\"elementor-spacer-inner\"><\/div>\n\t\t<\/div>\n\t\t\t\t\t\t<\/div>\n\t\t\t\t<\/div>\n\t\t\t\t\t<\/div>\n\t\t<\/div>\n\t\t\t\t\t<\/div>\n\t\t<\/section>\n\t\t\t\t<\/div>","protected":false},"excerpt":{"rendered":"<p>Nous vous proposons les \u00e9tudes de cas r\u00e9alis\u00e9es par SQALogic. Elles pr\u00e9sentent les diff\u00e9rents projets sur lesquels nous avons travaill\u00e9 avec nos clients. Gr\u00e2ce aux multiples mandats effectu\u00e9s dans le domaine de l\u2019assurance qualit\u00e9 logiciel, SQALogic a \u00e9tabli sa position d\u2019experts de l\u2019industrie. Nos \u00e9tudes de cas sont un gage de notre volont\u00e9 \u00e0 guider [&hellip;]<\/p>\n","protected":false},"author":1,"featured_media":0,"parent":0,"menu_order":0,"comment_status":"closed","ping_status":"closed","template":"","meta":{"_acf_changed":false,"footnotes":""},"class_list":["post-1688","page","type-page","status-publish","hentry"],"acf":[],"aioseo_notices":[],"_links":{"self":[{"href":"https:\/\/sqalogic.com\/en\/wp-json\/wp\/v2\/pages\/1688","targetHints":{"allow":["GET"]}}],"collection":[{"href":"https:\/\/sqalogic.com\/en\/wp-json\/wp\/v2\/pages"}],"about":[{"href":"https:\/\/sqalogic.com\/en\/wp-json\/wp\/v2\/types\/page"}],"author":[{"embeddable":true,"href":"https:\/\/sqalogic.com\/en\/wp-json\/wp\/v2\/users\/1"}],"replies":[{"embeddable":true,"href":"https:\/\/sqalogic.com\/en\/wp-json\/wp\/v2\/comments?post=1688"}],"version-history":[{"count":31,"href":"https:\/\/sqalogic.com\/en\/wp-json\/wp\/v2\/pages\/1688\/revisions"}],"predecessor-version":[{"id":3576,"href":"https:\/\/sqalogic.com\/en\/wp-json\/wp\/v2\/pages\/1688\/revisions\/3576"}],"wp:attachment":[{"href":"https:\/\/sqalogic.com\/en\/wp-json\/wp\/v2\/media?parent=1688"}],"curies":[{"name":"wp","href":"https:\/\/api.w.org\/{rel}","templated":true}]}}