{"id":2924,"date":"2023-04-10T15:37:08","date_gmt":"2023-04-10T20:37:08","guid":{"rendered":"https:\/\/testing.sqalogic.com\/?page_id=2924"},"modified":"2023-04-10T15:37:55","modified_gmt":"2023-04-10T20:37:55","slug":"notice-de-droit-dauteur","status":"publish","type":"page","link":"https:\/\/sqalogic.com\/en\/notice-de-droit-dauteur\/","title":{"rendered":"Notice de Droit d&rsquo;Auteur"},"content":{"rendered":"<div data-elementor-type=\"wp-page\" data-elementor-id=\"2924\" class=\"elementor elementor-2924\" data-elementor-post-type=\"page\">\n\t\t\t\t\t\t<section class=\"has_eae_slider elementor-section elementor-top-section elementor-element elementor-element-de77f58 elementor-section-stretched elementor-section-boxed elementor-section-height-default elementor-section-height-default\" data-eae-slider=\"3892\" data-id=\"de77f58\" data-element_type=\"section\" data-e-type=\"section\" data-settings=\"{&quot;stretch_section&quot;:&quot;section-stretched&quot;,&quot;mdp_selection_sticky_effect_enable&quot;:false}\">\n\t\t\t\t\t\t<div class=\"elementor-container elementor-column-gap-default\">\n\t\t\t\t\t<div class=\"has_eae_slider elementor-column elementor-col-100 elementor-top-column elementor-element elementor-element-a6699de\" data-eae-slider=\"29329\" data-id=\"a6699de\" data-element_type=\"column\" data-e-type=\"column\" data-settings=\"{&quot;mdp_selection_sticky_column_effect_enable&quot;:false}\">\n\t\t\t<div class=\"elementor-widget-wrap elementor-element-populated\">\n\t\t\t\t\t\t<div class=\"elementor-element elementor-element-292b61d elementor-widget elementor-widget-text-editor\" data-id=\"292b61d\" data-element_type=\"widget\" data-e-type=\"widget\" data-widget_type=\"text-editor.default\">\n\t\t\t\t<div class=\"elementor-widget-container\">\n\t\t\t\t\t\t\t\t\t<p>Ce site Web et son contenu sont la propri\u00e9t\u00e9 de SQALogic \u2013 \u00a9 SQALogic 2023. Tous droits r\u00e9serv\u00e9s.<\/p>\n<p>Toute redistribution ou reproduction d\u2019une partie ou de la totalit\u00e9 du contenu sous quelque forme que ce soit est interdite autre que les suivantes:<\/p>\n<ul>\n<li>vous pouvez imprimer ou t\u00e9l\u00e9charger sur un disque dur local des extraits pour votre usage personnel et non commercial uniquement<\/li>\n<li>vous pouvez copier le contenu \u00e0 des tiers individuels pour leur usage personnel, mais uniquement si vous reconnaissez le site Web comme la source du mat\u00e9riel<\/li>\n<\/ul>\n<p>Vous ne pouvez pas, sauf avec notre autorisation \u00e9crite expresse, distribuer ou exploiter commercialement le contenu. Vous ne pouvez pas non plus la transmettre ou la stocker sur un autre site Web ou une autre forme de syst\u00e8me de recherche \u00e9lectronique.<\/p>\t\t\t\t\t\t\t\t<\/div>\n\t\t\t\t<\/div>\n\t\t\t\t\t<\/div>\n\t\t<\/div>\n\t\t\t\t\t<\/div>\n\t\t<\/section>\n\t\t\t\t<\/div>","protected":false},"excerpt":{"rendered":"<p>Ce site Web et son contenu sont la propri\u00e9t\u00e9 de SQALogic \u2013 \u00a9 SQALogic 2023. Tous droits r\u00e9serv\u00e9s. Toute redistribution ou reproduction d\u2019une partie ou de la totalit\u00e9 du contenu sous quelque forme que ce soit est interdite autre que les suivantes: vous pouvez imprimer ou t\u00e9l\u00e9charger sur un disque dur local des extraits pour [&hellip;]<\/p>\n","protected":false},"author":1,"featured_media":0,"parent":0,"menu_order":0,"comment_status":"closed","ping_status":"closed","template":"","meta":{"_acf_changed":false,"footnotes":""},"class_list":["post-2924","page","type-page","status-publish","hentry"],"acf":[],"aioseo_notices":[],"_links":{"self":[{"href":"https:\/\/sqalogic.com\/en\/wp-json\/wp\/v2\/pages\/2924","targetHints":{"allow":["GET"]}}],"collection":[{"href":"https:\/\/sqalogic.com\/en\/wp-json\/wp\/v2\/pages"}],"about":[{"href":"https:\/\/sqalogic.com\/en\/wp-json\/wp\/v2\/types\/page"}],"author":[{"embeddable":true,"href":"https:\/\/sqalogic.com\/en\/wp-json\/wp\/v2\/users\/1"}],"replies":[{"embeddable":true,"href":"https:\/\/sqalogic.com\/en\/wp-json\/wp\/v2\/comments?post=2924"}],"version-history":[{"count":4,"href":"https:\/\/sqalogic.com\/en\/wp-json\/wp\/v2\/pages\/2924\/revisions"}],"predecessor-version":[{"id":2928,"href":"https:\/\/sqalogic.com\/en\/wp-json\/wp\/v2\/pages\/2924\/revisions\/2928"}],"wp:attachment":[{"href":"https:\/\/sqalogic.com\/en\/wp-json\/wp\/v2\/media?parent=2924"}],"curies":[{"name":"wp","href":"https:\/\/api.w.org\/{rel}","templated":true}]}}