{"id":4291,"date":"2023-07-07T08:35:36","date_gmt":"2023-07-07T13:35:36","guid":{"rendered":"https:\/\/sqalogic.com\/?page_id=4291"},"modified":"2023-07-07T08:39:07","modified_gmt":"2023-07-07T13:39:07","slug":"site-map","status":"publish","type":"page","link":"https:\/\/sqalogic.com\/en\/site-map\/","title":{"rendered":"Sitemap"},"content":{"rendered":"\t\t<div data-elementor-type=\"wp-page\" data-elementor-id=\"4291\" class=\"elementor elementor-4291\" data-elementor-post-type=\"page\">\n\t\t\t\t<div class=\"has_eae_slider elementor-element elementor-element-8f30b86 e-flex e-con-boxed e-con e-parent\" data-eae-slider=\"32094\" data-id=\"8f30b86\" data-element_type=\"container\" data-e-type=\"container\">\n\t\t\t\t\t<div class=\"e-con-inner\">\n\t\t\t\t<div class=\"elementor-element elementor-element-bc25900 elementor-widget elementor-widget-sitemap\" data-id=\"bc25900\" data-element_type=\"widget\" data-e-type=\"widget\" data-widget_type=\"sitemap.default\">\n\t\t\t\t<div class=\"elementor-widget-container\">\n\t\t\t\t\t<div class=\"elementor-sitemap-wrap\"><div class=\"elementor-sitemap-section\"><h2 class=\"elementor-sitemap-title elementor-sitemap-category-title\">Cat\u00e9gories<\/h2><ul class=\"elementor-sitemap-list elementor-sitemap-category-list\">\t<li class=\"elementor-sitemap-item elementor-sitemap-item-category cat-item cat-item-1\"><a href=\"https:\/\/sqalogic.com\/en\/category\/uncategorized\/\">Uncategorized<\/a>\n<\/li>\n\t<li class=\"elementor-sitemap-item elementor-sitemap-item-category cat-item cat-item-36\"><a href=\"https:\/\/sqalogic.com\/en\/category\/test-de-charge\/\">Test de charge<\/a>\n<\/li>\n\t<li class=\"elementor-sitemap-item elementor-sitemap-item-category cat-item cat-item-35\"><a href=\"https:\/\/sqalogic.com\/en\/category\/partenaires\/\">Partenaires<\/a>\n<\/li>\n\t<li class=\"elementor-sitemap-item elementor-sitemap-item-category cat-item cat-item-33\"><a href=\"https:\/\/sqalogic.com\/en\/category\/nouvelles\/\">Nouvelles<\/a>\n<\/li>\n\t<li class=\"elementor-sitemap-item elementor-sitemap-item-category cat-item cat-item-91\"><a href=\"https:\/\/sqalogic.com\/en\/category\/intelligence-artificielle\/\">Intelligence artificielle<\/a>\n<\/li>\n\t<li class=\"elementor-sitemap-item elementor-sitemap-item-category cat-item cat-item-34\"><a href=\"https:\/\/sqalogic.com\/en\/category\/evenements\/\">\u00c9v\u00e9nements<\/a>\n<\/li>\n\t<li class=\"elementor-sitemap-item elementor-sitemap-item-category cat-item cat-item-92\"><a href=\"https:\/\/sqalogic.com\/en\/category\/cybersecurite\/\">Cybers\u00e9curit\u00e9<\/a>\n<\/li>\n\t<li class=\"elementor-sitemap-item elementor-sitemap-item-category cat-item cat-item-68\"><a href=\"https:\/\/sqalogic.com\/en\/category\/avis-dexpert\/\">Avis d&#039;expert<\/a>\n<\/li>\n\t<li class=\"elementor-sitemap-item elementor-sitemap-item-category cat-item cat-item-38\"><a href=\"https:\/\/sqalogic.com\/en\/category\/autres\/\">Autres<\/a>\n<\/li>\n<\/ul><\/div><div class=\"elementor-sitemap-section\"><h2 class=\"elementor-sitemap-title elementor-sitemap-page-title\">Pages<\/h2><ul class=\"elementor-sitemap-list elementor-sitemap-page-list\"><li class=\"elementor-sitemap-item elementor-sitemap-item-page page_item page-item-6331\"><a href=\"https:\/\/sqalogic.com\/en\/internlogic\/\">Internlogic<\/a><\/li><li class=\"elementor-sitemap-item elementor-sitemap-item-page page_item page-item-6294\"><a href=\"https:\/\/sqalogic.com\/en\/keep-in-touch\/\">Keep in touch<\/a><\/li><li class=\"elementor-sitemap-item elementor-sitemap-item-page page_item page-item-6166\"><a href=\"https:\/\/sqalogic.com\/en\/a-propos-dupliquer-1181-dupliquer-6153\/\">\u00c0 propos &#8211; Dupliquer &#8211; [#1181] &#8211; Dupliquer &#8211; [#6153]<\/a><\/li><li class=\"elementor-sitemap-item elementor-sitemap-item-page page_item page-item-6153\"><a href=\"https:\/\/sqalogic.com\/en\/a-propos-refonte\/\">\u00c0 propos &#8211; Dupliquer &#8211; [#1181]<\/a><\/li><li class=\"elementor-sitemap-item elementor-sitemap-item-page page_item page-item-5284\"><a href=\"https:\/\/sqalogic.com\/en\/flex-credits\/\">Flex Credits : un moyen flexible d&rsquo;acc\u00e9der \u00e0 nos services<\/a><\/li><li class=\"elementor-sitemap-item elementor-sitemap-item-page page_item page-item-5098\"><a href=\"https:\/\/sqalogic.com\/en\/learning-center\/\">Centre d&rsquo;apprentissage<\/a><\/li><li class=\"elementor-sitemap-item elementor-sitemap-item-page page_item page-item-4672\"><a href=\"https:\/\/sqalogic.com\/en\/politique-de-cookies-ca\/\">Politique de cookies (CA)<\/a><\/li><li class=\"elementor-sitemap-item elementor-sitemap-item-page page_item page-item-4666\"><a href=\"https:\/\/sqalogic.com\/en\/renseignements-personnels\/\">Politiques et des pratiques encadrant la gouvernance\u00a0des renseignements personnels<\/a><\/li><li class=\"elementor-sitemap-item elementor-sitemap-item-page page_item page-item-4291\"><a href=\"https:\/\/sqalogic.com\/en\/site-map\/\">Plan du Site<\/a><\/li><li class=\"elementor-sitemap-item elementor-sitemap-item-page page_item page-item-4156\"><a href=\"https:\/\/sqalogic.com\/en\/\">Accueil<\/a><\/li><li class=\"elementor-sitemap-item elementor-sitemap-item-page page_item page-item-3406\"><a href=\"https:\/\/sqalogic.com\/en\/equipe\/\">\u00c9quipe<\/a><\/li><li class=\"elementor-sitemap-item elementor-sitemap-item-page page_item page-item-3308\"><a href=\"https:\/\/sqalogic.com\/en\/archives-des-infolettres\/\">Archives des infolettres<\/a><\/li><li class=\"elementor-sitemap-item elementor-sitemap-item-page page_item page-item-2924\"><a href=\"https:\/\/sqalogic.com\/en\/notice-de-droit-dauteur\/\">Notice de Droit d&rsquo;Auteur<\/a><\/li><li class=\"elementor-sitemap-item elementor-sitemap-item-page page_item page-item-2919\"><a href=\"https:\/\/sqalogic.com\/en\/clause-de-non-responsabilite\/\">Clause de Non-Responsabilit\u00e9<\/a><\/li><li class=\"elementor-sitemap-item elementor-sitemap-item-page page_item page-item-1873\"><a href=\"https:\/\/sqalogic.com\/en\/accueil-final\/\">SQALogic &#8211; Pour passer \u00e0 un niveau sup\u00e9rieur en assurance qualit\u00e9 logiciel<\/a><\/li><li class=\"elementor-sitemap-item elementor-sitemap-item-page page_item page-item-1753\"><a href=\"https:\/\/sqalogic.com\/en\/partenaires-logic\/\">Partenaires Logic<\/a><\/li><li class=\"elementor-sitemap-item elementor-sitemap-item-page page_item page-item-1688\"><a href=\"https:\/\/sqalogic.com\/en\/nos-projets\/\">Nos projets<\/a><\/li><li class=\"elementor-sitemap-item elementor-sitemap-item-page page_item page-item-1685\"><a href=\"https:\/\/sqalogic.com\/en\/nos-clients\/\">Nos clients<\/a><\/li><li class=\"elementor-sitemap-item elementor-sitemap-item-page page_item page-item-1667\"><a href=\"https:\/\/sqalogic.com\/en\/reseau-dexperts\/\">R\u00e9seau d&rsquo;experts<\/a><\/li><li class=\"elementor-sitemap-item elementor-sitemap-item-page page_item page-item-1626\"><a href=\"https:\/\/sqalogic.com\/en\/contactez-nous\/\">Contact<\/a><\/li><li class=\"elementor-sitemap-item elementor-sitemap-item-page page_item page-item-1608\"><a href=\"https:\/\/sqalogic.com\/en\/nos-solutions-tactiques\/\">Nos solutions tactiques<\/a><\/li><li class=\"elementor-sitemap-item elementor-sitemap-item-page page_item page-item-1589\"><a href=\"https:\/\/sqalogic.com\/en\/nos-solutions-strategiques\/p3-les-solutions-pour-le-rehaussement-dinfrastructures\/\">P3 &#8211; Les solutions pour le rehaussement d\u2019infrastructures<\/a><\/li><li class=\"elementor-sitemap-item elementor-sitemap-item-page page_item page-item-1583\"><a href=\"https:\/\/sqalogic.com\/en\/nos-solutions-strategiques\/p2-nos-solutions-pour-la-formation-et-le-mentorat\/\">P2 &#8211; Nos solutions pour la formation et le mentorat<\/a><\/li><li class=\"elementor-sitemap-item elementor-sitemap-item-page page_item page-item-1517\"><a href=\"https:\/\/sqalogic.com\/en\/nos-solutions-strategiques\/p1-les-solutions-de-transformations-strategiques\/\">P1 &#8211; Les solutions de transformations strat\u00e9giques<\/a><\/li><li class=\"elementor-sitemap-item elementor-sitemap-item-page page_item page-item-1476\"><a href=\"https:\/\/sqalogic.com\/en\/nos-solutions-strategiques\/\">Nos solutions strat\u00e9giques<\/a><\/li><li class=\"elementor-sitemap-item elementor-sitemap-item-page page_item page-item-1303\"><a href=\"https:\/\/sqalogic.com\/en\/carelogic\/\">CareLogic<\/a><\/li><li class=\"elementor-sitemap-item elementor-sitemap-item-page page_item page-item-1181\"><a href=\"https:\/\/sqalogic.com\/en\/a-propos\/\">\u00c0 propos<\/a><\/li><li class=\"elementor-sitemap-item elementor-sitemap-item-page page_item page-item-762\"><a href=\"https:\/\/sqalogic.com\/en\/blogue\/\">Blogue<\/a><\/li><\/ul><\/div><\/div>\t\t\t\t<\/div>\n\t\t\t\t<\/div>\n\t\t\t\t\t<\/div>\n\t\t\t\t<\/div>\n\t\t\t\t<\/div>\n\t\t","protected":false},"excerpt":{"rendered":"","protected":false},"author":2,"featured_media":0,"parent":0,"menu_order":0,"comment_status":"closed","ping_status":"closed","template":"","meta":{"_acf_changed":false,"footnotes":""},"class_list":["post-4291","page","type-page","status-publish","hentry"],"acf":[],"aioseo_notices":[],"_links":{"self":[{"href":"https:\/\/sqalogic.com\/en\/wp-json\/wp\/v2\/pages\/4291","targetHints":{"allow":["GET"]}}],"collection":[{"href":"https:\/\/sqalogic.com\/en\/wp-json\/wp\/v2\/pages"}],"about":[{"href":"https:\/\/sqalogic.com\/en\/wp-json\/wp\/v2\/types\/page"}],"author":[{"embeddable":true,"href":"https:\/\/sqalogic.com\/en\/wp-json\/wp\/v2\/users\/2"}],"replies":[{"embeddable":true,"href":"https:\/\/sqalogic.com\/en\/wp-json\/wp\/v2\/comments?post=4291"}],"version-history":[{"count":7,"href":"https:\/\/sqalogic.com\/en\/wp-json\/wp\/v2\/pages\/4291\/revisions"}],"predecessor-version":[{"id":4298,"href":"https:\/\/sqalogic.com\/en\/wp-json\/wp\/v2\/pages\/4291\/revisions\/4298"}],"wp:attachment":[{"href":"https:\/\/sqalogic.com\/en\/wp-json\/wp\/v2\/media?parent=4291"}],"curies":[{"name":"wp","href":"https:\/\/api.w.org\/{rel}","templated":true}]}}