{"id":4666,"date":"2023-09-21T08:34:16","date_gmt":"2023-09-21T13:34:16","guid":{"rendered":"https:\/\/sqalogic.com\/?page_id=4666"},"modified":"2023-09-21T09:05:42","modified_gmt":"2023-09-21T14:05:42","slug":"renseignements-personnels","status":"publish","type":"page","link":"https:\/\/sqalogic.com\/en\/renseignements-personnels\/","title":{"rendered":"Policies and practices governing the management of personal information"},"content":{"rendered":"<div data-elementor-type=\"wp-page\" data-elementor-id=\"4666\" class=\"elementor elementor-4666\" data-elementor-post-type=\"page\">\n\t\t\t\t<div class=\"has_eae_slider elementor-element elementor-element-d52d78d e-flex e-con-boxed e-con e-parent\" data-eae-slider=\"21898\" data-id=\"d52d78d\" data-element_type=\"container\" data-e-type=\"container\">\n\t\t\t\t\t<div class=\"e-con-inner\">\n\t\t\t\t<div class=\"elementor-element elementor-element-e9e701c elementor-widget elementor-widget-heading\" data-id=\"e9e701c\" data-element_type=\"widget\" data-e-type=\"widget\" data-widget_type=\"heading.default\">\n\t\t\t\t<div class=\"elementor-widget-container\">\n\t\t\t\t\t<h2 class=\"elementor-heading-title elementor-size-default\">Policies and practices governing the management of personal information<\/h2>\t\t\t\t<\/div>\n\t\t\t\t<\/div>\n\t\t\t\t<div class=\"elementor-element elementor-element-e7772ea elementor-widget elementor-widget-text-editor\" data-id=\"e7772ea\" data-element_type=\"widget\" data-e-type=\"widget\" data-widget_type=\"text-editor.default\">\n\t\t\t\t<div class=\"elementor-widget-container\">\n\t\t\t\t\t\t\t\t\t<p><span class=\"ui-provider cvt cvu bds cvv cvw cvx cvy cvz cwa cwb cwc cwd cwe cwf cwg cwh cwi cwj cwk cwl cwm cwn cwo cwp cwq cwr cws cwt cwu cwv cww cwx cwy cwz cxa\" dir=\"ltr\"><strong>Introduction<\/strong><br \/>Faced with the development of new communication tools, it is necessary to pay particular attention to the protection of privacy. This is why we are committed to respecting the confidentiality of the personal information we collect.<br \/><br \/><strong>Collection of personal information<\/strong><br \/><br \/>First name<br \/>Adress<br \/>ZIP code<br \/>Email<br \/>Phone number\/fax<br \/>The personal information we collect is collected through forms and through the interactivity established between you and our website. We also use, as indicated in the following section, cookies and\/or log files to gather information about you.<br \/><br \/><strong>Forms and interactivity:<\/strong><br \/>Your personal information is collected via forms, namely:<br \/><br \/>\u2022 Order form<br \/><\/span><\/p><p><span class=\"ui-provider cvt cvu bds cvv cvw cvx cvy cvz cwa cwb cwc cwd cwe cwf cwg cwh cwi cwj cwk cwl cwm cwn cwo cwp cwq cwr cws cwt cwu cwv cww cwx cwy cwz cxa\" dir=\"ltr\"><strong>We use the information thus collected for the following purposes:<\/strong><br \/>\u2022 Informations \/ Promo offers<br \/>\u2022 Contact<\/span><\/p><p><span class=\"ui-provider cvt cvu bds cvv cvw cvx cvy cvz cwa cwb cwc cwd cwe cwf cwg cwh cwi cwj cwk cwl cwm cwn cwo cwp cwq cwr cws cwt cwu cwv cww cwx cwy cwz cxa\" dir=\"ltr\"><br \/><strong>Your information is also collected through the interactivity that may be established between you and our website, as follows:<\/strong><br \/><br \/>\u2022 Communication<\/span><\/p><p><span class=\"ui-provider cvt cvu bds cvv cvw cvx cvy cvz cwa cwb cwc cwd cwe cwf cwg cwh cwi cwj cwk cwl cwm cwn cwo cwp cwq cwr cws cwt cwu cwv cww cwx cwy cwz cxa\" dir=\"ltr\"><br \/><strong>We use the information thus collected for the following purposes:<\/strong><br \/><br \/>\u2022 Information or for promotional offers<br \/>\u2022 Contact<br \/><br \/><strong>Right of opposition and withdrawal<\/strong><br \/>We are committed to offering you the right to object and withdraw your personal information.<br \/>The right to object is understood as the possibility offered to Internet users to refuse that their personal information be used for certain purposes mentioned during collection.<br \/><br \/>The right of withdrawal is understood as the possibility offered to Internet users to request that their personal information no longer appears, for example, in a mailing list.<br \/><br \/><strong>To exercise these rights, you can:<\/strong><br \/><br \/>Email:\u00a0 info@sqalogic.com<br \/>Phone:\u00a0 +1 (866) 772-5642<br \/>Website:\u00a0\u00a0 <a class=\"fui-Link ___10kug0w f3rmtva f1ewtqcl fyind8e f1k6fduh f1w7gpdv fk6fouc fjoy568 figsok6 f1hu3pq6 f11qmguv f19f4twv f1tyq0we f1g0x7ka fhxju0i f1qch9an f1cnd47f fqv5qza f1vmzxwi f1o700av f13mvf36 f1cmlufx f9n3di6 f1ids18y f1tx3yz7 f1deo86v f1eh06m1 f1iescvh fhgqx19 f1olyrje f1p93eir f1nev41a f1h8hb77 f1lqvz6u f10aw75t fsle3fq f17ae5zn\" title=\"https:\/\/sqalogic.com\/en\/contactez-nous\/\" href=\"https:\/\/sqalogic.com\/en\/contactez-nous\/\" target=\"_blank\" rel=\"noreferrer noopener\" aria-label=\"Lien https:\/\/sqalogic.com\/en\/contactez-nous\/\">https:\/\/sqalogic.com\/en\/contactez-nous\/<\/a><br \/><br \/><strong>Permission to access<\/strong><br \/>We undertake to recognize a right of access and rectification to data subjects wishing to consult, modify or even delete information concerning them.<br \/><br \/><strong>The exercise of this right will be:<\/strong><br \/><br \/>Email:\u00a0 info@sqalogic.com<br \/>Phone:\u00a0 +1 (866) 772-5642<br \/>Website:\u00a0\u00a0 <a class=\"fui-Link ___10kug0w f3rmtva f1ewtqcl fyind8e f1k6fduh f1w7gpdv fk6fouc fjoy568 figsok6 f1hu3pq6 f11qmguv f19f4twv f1tyq0we f1g0x7ka fhxju0i f1qch9an f1cnd47f fqv5qza f1vmzxwi f1o700av f13mvf36 f1cmlufx f9n3di6 f1ids18y f1tx3yz7 f1deo86v f1eh06m1 f1iescvh fhgqx19 f1olyrje f1p93eir f1nev41a f1h8hb77 f1lqvz6u f10aw75t fsle3fq f17ae5zn\" title=\"https:\/\/sqalogic.com\/en\/contactez-nous\/\" href=\"https:\/\/sqalogic.com\/en\/contactez-nous\/\" target=\"_blank\" rel=\"noreferrer noopener\" aria-label=\"Lien https:\/\/sqalogic.com\/en\/contactez-nous\/\">https:\/\/sqalogic.com\/en\/contactez-nous\/<\/a><br \/><br \/><strong>Security<\/strong><br \/>The personal information we collect is stored in a secure environment. People working for us are required to respect the confidentiality of your information.<br \/><br \/><strong>The personal information we collect is stored in a secure environment. People working for us are required to respect the confidentiality of your information.<\/strong><br \/><br \/>\u2022 SSL protocol<br \/>\u2022 SET protocol<br \/>\u2022 Access management \u2013 \u200b\u200bauthorized person<br \/>\u2022 Backups<br \/>\u2022 Firewall<br \/>We are committed to maintaining a high degree of confidentiality by integrating the latest technological innovations to ensure the confidentiality of your transactions. However, as no mechanism offers maximum security, some risk is always present when using the Internet to transmit personal information.<br \/><br \/><strong>Law<\/strong><br \/>We undertake to respect the legislative provisions set out in:<br \/><br \/>Act respecting the protection of personal information in the private sector<\/span><\/p>\t\t\t\t\t\t\t\t<\/div>\n\t\t\t\t<\/div>\n\t\t\t\t\t<\/div>\n\t\t\t\t<\/div>\n\t\t\t\t<\/div>","protected":false},"excerpt":{"rendered":"<p>Politiques et des pratiques encadrant la gouvernance des renseignements personnels Introduction Devant le d\u00e9veloppement des nouveaux outils de communication, il est n\u00e9cessaire de porter une attention particuli\u00e8re \u00e0 la protection de la vie priv\u00e9e. C\u2019est pourquoi, nous nous engageons \u00e0 respecter la confidentialit\u00e9 des renseignements personnels que nous collectons. Collecte des renseignements personnels \u2022 Pr\u00e9nom [&hellip;]<\/p>\n","protected":false},"author":2,"featured_media":0,"parent":0,"menu_order":0,"comment_status":"closed","ping_status":"closed","template":"","meta":{"_acf_changed":false,"footnotes":""},"class_list":["post-4666","page","type-page","status-publish","hentry"],"acf":[],"aioseo_notices":[],"_links":{"self":[{"href":"https:\/\/sqalogic.com\/en\/wp-json\/wp\/v2\/pages\/4666","targetHints":{"allow":["GET"]}}],"collection":[{"href":"https:\/\/sqalogic.com\/en\/wp-json\/wp\/v2\/pages"}],"about":[{"href":"https:\/\/sqalogic.com\/en\/wp-json\/wp\/v2\/types\/page"}],"author":[{"embeddable":true,"href":"https:\/\/sqalogic.com\/en\/wp-json\/wp\/v2\/users\/2"}],"replies":[{"embeddable":true,"href":"https:\/\/sqalogic.com\/en\/wp-json\/wp\/v2\/comments?post=4666"}],"version-history":[{"count":5,"href":"https:\/\/sqalogic.com\/en\/wp-json\/wp\/v2\/pages\/4666\/revisions"}],"predecessor-version":[{"id":4671,"href":"https:\/\/sqalogic.com\/en\/wp-json\/wp\/v2\/pages\/4666\/revisions\/4671"}],"wp:attachment":[{"href":"https:\/\/sqalogic.com\/en\/wp-json\/wp\/v2\/media?parent=4666"}],"curies":[{"name":"wp","href":"https:\/\/api.w.org\/{rel}","templated":true}]}}